{"id":34,"date":"2025-07-14T17:49:46","date_gmt":"2025-07-14T14:49:46","guid":{"rendered":"https:\/\/securitateincendiu.ro\/?page_id=34"},"modified":"2025-07-22T17:24:17","modified_gmt":"2025-07-22T14:24:17","slug":"campanii","status":"publish","type":"page","link":"https:\/\/securitateincendiu.ro\/index.php\/campanii\/","title":{"rendered":"Certific\u0103ri \u0219i Autoriz\u0103ri"},"content":{"rendered":"\n<p class=\"has-foreground-color has-text-color has-link-color wp-elements-ba1338e294dcb79875999bd3e89a11ae\">\ud83d\udd12 <strong>Siguran\u021ba ta este garantat\u0103 prin profesionalism \u0219i certific\u0103ri recunoscute.<\/strong><\/p>\n\n\n\n<p class=\"has-foreground-color has-text-color has-link-color wp-elements-10c629e4d74209908627d1662a5868ea\">Din 2007, activitatea noastr\u0103 este sus\u021binut\u0103 de autoriz\u0103ri \u0219i certific\u0103ri necesare \u00een domeniul securit\u0103\u021bii la incendiu \u0219i al instala\u021biilor de siguran\u021b\u0103.<\/p>\n\n\n\n<p class=\"has-foreground-color has-text-color has-link-color wp-elements-6102f6ac47511a5f79dbc94a366c4e4e\">\u2714\ufe0f <strong>Certific\u0103ri ob\u021binute:<\/strong><\/p>\n\n\n\n<ul class=\"wp-block-list\">\n<li class=\"has-foreground-color has-text-color has-link-color wp-elements-0d9d92c6ad593dbb1cecb0602ba25ef8\"><strong>Autorizare ISU<\/strong><br>Suntem autoriza\u021bi pentru proiectarea, instalarea \u0219i \u00eentre\u021binerea sistemelor anti-incendiu conform legisla\u021biei rom\u00e2ne \u00een vigoare.<\/li>\n\n\n\n<li class=\"has-foreground-color has-text-color has-link-color wp-elements-6c405c24c5cc9017a1989f1f570531ec\"><strong>Certific\u0103ri PSI<\/strong><br>Personalul nostru este instruit \u0219i certificat pentru prevenirea \u0219i stingerea incendiilor, respect\u00e2nd standardele na\u021bionale \u0219i europene.<\/li>\n\n\n\n<li class=\"has-foreground-color has-text-color has-link-color wp-elements-d12c45063a8256f256644c7594fa15d1\"><strong>Certific\u0103ri pentru instalarea sistemelor de detec\u021bie incendiu \u0219i efrac\u021bie<\/strong><br>Avem dreptul legal de a proiecta, instala \u0219i verifica sisteme de detec\u021bie la incendiu, efrac\u021bie \u0219i control acces.<\/li>\n\n\n\n<li class=\"has-foreground-color has-text-color has-link-color wp-elements-ac49c10c11643d566a232775e409a47f\"><strong>Atestate profesionale individuale<\/strong><br>To\u021bi speciali\u0219tii no\u0219tri de\u021bin cursuri \u0219i atestate recunoscute \u00een domeniu, pentru a garanta calitate \u0219i responsabilitate.<\/li>\n<\/ul>\n\n\n\n<p class=\"has-foreground-color has-text-color has-link-color wp-elements-961fb03310a6feb4ab38a96a6e18ed1c\">\u2714\ufe0f <strong>Angajamentul nostru:<\/strong><br>Lucr\u0103m exclusiv cu echipamente certificate CE \u0219i conforme ISU, asigur\u00e2ndu-ne c\u0103 fiecare proiect finalizat respect\u0103 cerin\u021bele legale \u0219i normele tehnice specifice.<\/p>\n\n\n\n<p><\/p>\n","protected":false},"excerpt":{"rendered":"<p>\ud83d\udd12 Siguran\u021ba ta este garantat\u0103 prin profesionalism \u0219i certific\u0103ri recunoscute. Din 2007, activitatea noastr\u0103 este sus\u021binut\u0103 de autoriz\u0103ri \u0219i certific\u0103ri necesare \u00een domeniul securit\u0103\u021bii la incendiu \u0219i al instala\u021biilor de siguran\u021b\u0103. \u2714\ufe0f Certific\u0103ri ob\u021binute: \u2714\ufe0f Angajamentul nostru:Lucr\u0103m exclusiv cu echipamente certificate CE \u0219i conforme ISU, asigur\u00e2ndu-ne c\u0103 fiecare proiect finalizat respect\u0103 cerin\u021bele legale \u0219i normele [&hellip;]<\/p>\n","protected":false},"author":3,"featured_media":0,"parent":0,"menu_order":0,"comment_status":"closed","ping_status":"closed","template":"","meta":{"footnotes":""},"class_list":["post-34","page","type-page","status-publish","hentry"],"_links":{"self":[{"href":"https:\/\/securitateincendiu.ro\/index.php\/wp-json\/wp\/v2\/pages\/34","targetHints":{"allow":["GET"]}}],"collection":[{"href":"https:\/\/securitateincendiu.ro\/index.php\/wp-json\/wp\/v2\/pages"}],"about":[{"href":"https:\/\/securitateincendiu.ro\/index.php\/wp-json\/wp\/v2\/types\/page"}],"author":[{"embeddable":true,"href":"https:\/\/securitateincendiu.ro\/index.php\/wp-json\/wp\/v2\/users\/3"}],"replies":[{"embeddable":true,"href":"https:\/\/securitateincendiu.ro\/index.php\/wp-json\/wp\/v2\/comments?post=34"}],"version-history":[{"count":5,"href":"https:\/\/securitateincendiu.ro\/index.php\/wp-json\/wp\/v2\/pages\/34\/revisions"}],"predecessor-version":[{"id":259,"href":"https:\/\/securitateincendiu.ro\/index.php\/wp-json\/wp\/v2\/pages\/34\/revisions\/259"}],"wp:attachment":[{"href":"https:\/\/securitateincendiu.ro\/index.php\/wp-json\/wp\/v2\/media?parent=34"}],"curies":[{"name":"wp","href":"https:\/\/api.w.org\/{rel}","templated":true}]}}