{"id":243,"date":"2025-07-22T16:55:05","date_gmt":"2025-07-22T13:55:05","guid":{"rendered":"https:\/\/securitateincendiu.ro\/?page_id=243"},"modified":"2025-08-13T15:11:35","modified_gmt":"2025-08-13T12:11:35","slug":"control-acces","status":"publish","type":"page","link":"https:\/\/securitateincendiu.ro\/index.php\/control-acces\/","title":{"rendered":"Control acces"},"content":{"rendered":"\t\t<div data-elementor-type=\"wp-page\" data-elementor-id=\"243\" class=\"elementor elementor-243\">\n\t\t\t\t<div class=\"elementor-element elementor-element-5fd9de83 e-flex e-con-boxed e-con e-parent\" data-id=\"5fd9de83\" data-element_type=\"container\">\n\t\t\t\t\t<div class=\"e-con-inner\">\n\t\t\t\t<div class=\"elementor-element elementor-element-179fc162 elementor-widget elementor-widget-text-editor\" data-id=\"179fc162\" data-element_type=\"widget\" data-widget_type=\"text-editor.default\">\n\t\t\t\t\t\t\t\t\t<p data-start=\"94\" data-end=\"119\"><span style=\"color: #000000;\"><strong data-start=\"94\" data-end=\"117\">Controlul accesului<\/strong><\/span><\/p><p data-start=\"121\" data-end=\"444\"><span style=\"color: #000000;\">Acest document prezint\u0103 o analiz\u0103 detaliat\u0103 a controlului accesului, incluz\u00e2nd defini\u0163ii, tipuri, factori de influen\u0163\u0103, tehnologii, beneficii, considera\u0163ii de confiden\u0163ialitate, integrare, \u00eentre\u0163inere si exemple de implementare. De asemenea, exploreaz\u0103 tendin\u0163ele \u0219i inova\u0163iile din domeniul controlului accesului.<\/span><\/p><p data-start=\"446\" data-end=\"477\"><span style=\"color: #000000;\"><strong data-start=\"446\" data-end=\"475\">Introducere \u0219i importan\u021b\u0103<\/strong><\/span><\/p><p data-start=\"479\" data-end=\"989\"><span style=\"color: #000000;\">Controlul accesului joac\u0103 un rol esen\u0163ial \u00een asigurarea securit\u0103\u0163ii fizice \u0219i a informa\u0163iilor \u00een diverse loca\u0163ii \u0219i organiza\u0163ii. El se refer\u0103 la procesele \u0219i tehnologiile care permit controlul accesului la zone restric\u0163ionate, sisteme informatice \u0219i resurse digitale. Controlul accesului eficient contribuie la prevenirea accesului neautorizat, la protejarea bunurilor \u0219i a persoanelor, la \u00eembun\u0103t\u0103\u0163irea eficien\u0163ei opera\u0163ionale \u0219i la asigurarea conformit\u0103\u0163ii cu reglement\u0103rile legale.<\/span><\/p><p data-start=\"991\" data-end=\"1026\"><span style=\"color: #000000;\"><strong data-start=\"991\" data-end=\"1024\">Defini\u021bie \u0219i concepte de baz\u0103<\/strong><\/span><\/p><p data-start=\"1028\" data-end=\"1471\"><span style=\"color: #000000;\">Controlul accesului este definit ca o serie de m\u0103suri \u0219i tehnologii utilizate pentru a autoriza sau restric\u0163iona accesul la resurse fizice sau digitale. Acesta se bazeaz\u0103 pe principiul identific\u0103rii, autentific\u0103rii \u0219i autoriz\u0103rii. Identificarea presupune stabilirea identit\u0103\u0163ii unei persoane sau a unui dispozitiv. Autentificarea verific\u0103 identitatea, \u00een timp ce autorizarea stabile\u0219te permisiunile de acces la resurse specifice.<\/span><\/p><p data-start=\"1473\" data-end=\"1509\"><span style=\"color: #000000;\"><strong data-start=\"1473\" data-end=\"1507\">Tipuri de control al accesului<\/strong><\/span><\/p><p data-start=\"1511\" data-end=\"1567\"><span style=\"color: #000000;\">Exist\u0103 trei tipuri principale de control al accesului:<\/span><\/p><ul><li data-start=\"1569\" data-end=\"1586\"><p data-start=\"1571\" data-end=\"1586\"><span style=\"color: #000000;\">Control fizic<\/span><\/p><\/li><li><span style=\"color: #000000;\">Control electronic<\/span><\/li><li data-start=\"1610\" data-end=\"1631\"><p data-start=\"1612\" data-end=\"1631\"><span style=\"color: #000000;\">Control biometric<\/span><\/p><\/li><\/ul><p data-start=\"1633\" data-end=\"1652\"><span style=\"color: #000000;\"><strong data-start=\"1633\" data-end=\"1650\">Control fizic<\/strong><\/span><\/p><p data-start=\"1654\" data-end=\"1874\"><span style=\"color: #000000;\">Controlul fizic se refer\u0103 la bariere fizice \u0219i proceduri care restric\u021bioneaz\u0103 accesul la zone sensibile. Exemple de control fizic includ por\u021bile, gardurile, camerele de supraveghere, sistemele de iluminare \u0219i paznicii.<\/span><\/p><p data-start=\"1876\" data-end=\"1900\"><span style=\"color: #000000;\"><strong data-start=\"1876\" data-end=\"1898\">Control electronic<\/strong><\/span><\/p><p data-start=\"1902\" data-end=\"2148\"><span style=\"color: #000000;\">Controlul electronic se bazeaz\u0103 pe tehnologii electronice pentru a gestiona accesul. Acesta include sisteme de cartele de acces, sisteme de control al accesului bazate pe PIN, sisteme de recunoa\u0219tere facial\u0103 \u0219i sisteme de gestionare a timpului.<\/span><\/p><p data-start=\"2150\" data-end=\"2173\"><span style=\"color: #000000;\"><strong data-start=\"2150\" data-end=\"2171\">Control biometric<\/strong><\/span><\/p><p data-start=\"2175\" data-end=\"2414\"><span style=\"color: #000000;\">Controlul biometric utilizeaz\u0103 caracteristici biologice unice pentru a identifica \u0219i autentifica utilizatorii. Exemple de metode biometrice includ citirea amprentelor digitale, recunoa\u0219terea facial\u0103, scanarea irisului \u0219i citirea venelor.<\/span><\/p><p data-start=\"2416\" data-end=\"2481\"><span style=\"color: #000000;\"><strong data-start=\"2416\" data-end=\"2479\">Factori care influen\u021beaz\u0103 strategia de control al accesului<\/strong><\/span><\/p><p data-start=\"2483\" data-end=\"2568\"><span style=\"color: #000000;\">Strategia de control al accesului este influen\u021bat\u0103 de o serie de factori, inclusiv:<\/span><\/p><p data-start=\"2570\" data-end=\"2586\"><span style=\"color: #000000;\"><strong data-start=\"2570\" data-end=\"2584\">Securitate<\/strong><\/span><\/p><p data-start=\"2588\" data-end=\"2831\"><span style=\"color: #000000;\">Nivelul de securitate necesar depinde de natura bunurilor, a persoanelor \u0219i a informa\u0163iilor protejate. Oamenii care lucreaz\u0103 cu informa\u0163ii sensibile necesit\u0103 m\u0103suri de securitate mai stricte dec\u00e2t angaja\u0163ii care lucreaz\u0103 \u00een zone publice.<\/span><\/p><p data-start=\"2833\" data-end=\"2860\"><span style=\"color: #000000;\"><strong data-start=\"2833\" data-end=\"2858\">U\u0219urin\u021b\u0103 \u00een utilizare<\/strong><\/span><\/p><p data-start=\"2862\" data-end=\"3101\"><span style=\"color: #000000;\">Sistemele de control al accesului ar trebui s\u0103 fie u\u0219or de utilizat pentru a minimiza frustrarea \u0219i erorile utilizatorilor. Utilizarea unor tehnologii complicate poate duce la probleme de conformitate \u0219i la un risc crescut de securitate.<\/span><\/p><p data-start=\"3103\" data-end=\"3116\"><span style=\"color: #000000;\"><strong data-start=\"3103\" data-end=\"3114\">Costuri<\/strong><\/span><\/p><p data-start=\"3118\" data-end=\"3372\"><span style=\"color: #000000;\">Bugetul disponibil pentru implementarea unui sistem de control al accesului influen\u021beaz\u0103 deciziile privind tehnologiile \u0219i solu\u021biile adoptate. Sistemele mai complexe pot necesita investi\u021bii mai mari, dar pot oferi \u0219i un nivel de securitate mai ridicat.<\/span><\/p><p data-start=\"3374\" data-end=\"3399\"><span style=\"color: #000000;\"><strong data-start=\"3374\" data-end=\"3397\">Conformitate legal\u0103<\/strong><\/span><\/p><p data-start=\"3401\" data-end=\"3625\"><span style=\"color: #000000;\">Reglement\u0103rile legale \u0219i standardele de securitate impun anumite cerin\u021be pentru controlul accesului. Organiza\u021biile trebuie s\u0103 se asigure c\u0103 sistemele lor de control al accesului respect\u0103 legile \u0219i reglement\u0103rile relevante.<\/span><\/p><p data-start=\"3627\" data-end=\"3690\"><span style=\"color: #000000;\"><strong data-start=\"3627\" data-end=\"3688\">Etapele implement\u0103rii unui sistem de control al accesului<\/strong><\/span><\/p><ol data-start=\"3692\" data-end=\"4675\"><li data-start=\"3692\" data-end=\"3875\"><p data-start=\"3695\" data-end=\"3875\"><span style=\"color: #000000;\"><strong data-start=\"3695\" data-end=\"3715\">Analiza nevoilor<\/strong> \u2013 Prima etap\u0103 implic\u0103 identificarea nevoilor specifice de securitate, evaluarea riscurilor \u0219i definirea obiectivelor pentru sistemul de control al accesului.<\/span><\/p><\/li><li data-start=\"3876\" data-end=\"4063\"><p data-start=\"3879\" data-end=\"4063\"><span style=\"color: #000000;\"><strong data-start=\"3879\" data-end=\"3902\">Selectarea solu\u021biei<\/strong> \u2013 Pe baza analizei nevoilor, se selecteaz\u0103 solu\u021bia optim\u0103 de control al accesului, \u021bin\u00e2nd cont de tipul de control, tehnologia, caracteristicile \u0219i costurile.<\/span><\/p><\/li><li data-start=\"4064\" data-end=\"4276\"><p data-start=\"4067\" data-end=\"4276\"><span style=\"color: #000000;\"><strong data-start=\"4067\" data-end=\"4093\">Instalare \u0219i integrare<\/strong> \u2013 Instalarea \u0219i integrarea sistemului de control al accesului implic\u0103 configurarea hardware-ului, instalarea software-ului, conectarea la alte sisteme \u0219i testarea func\u021bionalit\u0103\u021bii.<\/span><\/p><\/li><li data-start=\"4277\" data-end=\"4457\"><p data-start=\"4280\" data-end=\"4457\"><span style=\"color: #000000;\"><strong data-start=\"4280\" data-end=\"4307\">Instruirea personalului<\/strong> \u2013 Personalul care va utiliza sistemul de control al accesului trebuie s\u0103 fie instruit corespunz\u0103tor pentru a asigura operarea corect\u0103 \u0219i eficient\u0103.<\/span><\/p><\/li><li data-start=\"4458\" data-end=\"4675\"><p data-start=\"4461\" data-end=\"4675\"><span style=\"color: #000000;\"><strong data-start=\"4461\" data-end=\"4502\">Monitorizare \u0219i \u00eembun\u0103t\u0103\u021bire continu\u0103<\/strong> \u2013 Sistemul de control al accesului trebuie monitorizat \u00een mod regulat pentru a identifica \u0219i rezolva eventualele probleme de securitate, performan\u0163\u0103 sau conformitate.<\/span><\/p><\/li><\/ol><p data-start=\"4677\" data-end=\"4726\"><span style=\"color: #000000;\"><strong data-start=\"4677\" data-end=\"4724\">Tehnologii utilizate \u00een controlul accesului<\/strong><\/span><\/p><ul data-start=\"4728\" data-end=\"5150\"><li data-start=\"4728\" data-end=\"4800\"><p data-start=\"4730\" data-end=\"4800\"><span style=\"color: #000000;\"><strong data-start=\"4730\" data-end=\"4750\">Cartele de acces<\/strong> \u2013 Cartele magnetice, de proximitate sau cu cip.<\/span><\/p><\/li><li data-start=\"4801\" data-end=\"4873\"><p data-start=\"4803\" data-end=\"4873\"><span style=\"color: #000000;\"><strong data-start=\"4803\" data-end=\"4817\">Coduri PIN<\/strong> \u2013 Introduse pe tastaturi numerice sau ecrane tactile.<\/span><\/p><\/li><li data-start=\"4874\" data-end=\"4962\"><p data-start=\"4876\" data-end=\"4962\"><span style=\"color: #000000;\"><strong data-start=\"4876\" data-end=\"4901\">Cititoare de amprente<\/strong> \u2013 Utilizeaz\u0103 amprenta digital\u0103 unic\u0103 pentru autentificare.<\/span><\/p><\/li><li data-start=\"4963\" data-end=\"5062\"><p data-start=\"4965\" data-end=\"5062\"><span style=\"color: #000000;\"><strong data-start=\"4965\" data-end=\"4989\">Recunoa\u0219tere facial\u0103<\/strong> \u2013 Identific\u0103 \u0219i autentific\u0103 utilizatorii pe baza tr\u0103s\u0103turilor faciale.<\/span><\/p><\/li><li data-start=\"5063\" data-end=\"5150\"><p data-start=\"5065\" data-end=\"5150\"><span style=\"color: #000000;\"><strong data-start=\"5065\" data-end=\"5086\">Cititoare de vene<\/strong> \u2013 Analizeaz\u0103 modelul unic al venelor din m\u00e2na utilizatorului.<\/span><\/p><\/li><\/ul><p data-start=\"5152\" data-end=\"5193\"><span style=\"color: #000000;\"><strong data-start=\"5152\" data-end=\"5191\">Beneficii ale controlului accesului<\/strong><\/span><\/p><ul data-start=\"5195\" data-end=\"5319\"><li data-start=\"5195\" data-end=\"5224\"><p data-start=\"5197\" data-end=\"5224\"><span style=\"color: #000000;\"><strong data-start=\"5197\" data-end=\"5222\">Cre\u0219terea securit\u0103\u021bii<\/strong><\/span><\/p><\/li><li data-start=\"5225\" data-end=\"5257\"><p data-start=\"5227\" data-end=\"5257\"><span style=\"color: #000000;\"><strong data-start=\"5227\" data-end=\"5255\">\u00cembun\u0103t\u0103\u021birea eficien\u021bei<\/strong><\/span><\/p><\/li><li data-start=\"5258\" data-end=\"5288\"><p data-start=\"5260\" data-end=\"5288\"><span style=\"color: #000000;\"><strong data-start=\"5260\" data-end=\"5286\">Managementul accesului<\/strong><\/span><\/p><\/li><li data-start=\"5289\" data-end=\"5319\"><p data-start=\"5291\" data-end=\"5319\"><span style=\"color: #000000;\"><strong data-start=\"5291\" data-end=\"5317\">Conformitate cu legile<\/strong><\/span><\/p><\/li><\/ul><p data-start=\"5321\" data-end=\"5387\"><span style=\"color: #000000;\"><strong data-start=\"5321\" data-end=\"5385\">Considera\u021bii privind confiden\u021bialitatea \u0219i protec\u021bia datelor<\/strong><\/span><\/p><ul data-start=\"5389\" data-end=\"5531\"><li data-start=\"5389\" data-end=\"5413\"><p data-start=\"5391\" data-end=\"5413\"><span style=\"color: #000000;\">Respectarea <strong data-start=\"5403\" data-end=\"5411\">GDPR<\/strong><\/span><\/p><\/li><li data-start=\"5414\" data-end=\"5459\"><p data-start=\"5416\" data-end=\"5459\"><span style=\"color: #000000;\">Ob\u021binerea consim\u021b\u0103m\u00e2ntului utilizatorilor<\/span><\/p><\/li><li data-start=\"5460\" data-end=\"5531\"><p data-start=\"5462\" data-end=\"5531\"><span style=\"color: #000000;\">Stocarea \u0219i protec\u021bia datelor prin criptare \u0219i control al accesului<\/span><\/p><\/li><\/ul><p data-start=\"5533\" data-end=\"5584\"><span style=\"color: #000000;\"><strong data-start=\"5533\" data-end=\"5582\">Integrarea sistemului de control al accesului<\/strong><\/span><\/p><ul data-start=\"5586\" data-end=\"5688\"><li data-start=\"5586\" data-end=\"5622\"><p data-start=\"5588\" data-end=\"5622\"><span style=\"color: #000000;\">Cu sisteme de supraveghere video<\/span><\/p><\/li><li data-start=\"5623\" data-end=\"5647\"><p data-start=\"5625\" data-end=\"5647\"><span style=\"color: #000000;\">Cu sisteme de alarm\u0103<\/span><\/p><\/li><li data-start=\"5648\" data-end=\"5688\"><p data-start=\"5650\" data-end=\"5688\"><span style=\"color: #000000;\">Cu sisteme de management al timpului<\/span><\/p><\/li><\/ul><p data-start=\"5690\" data-end=\"5757\"><span style=\"color: #000000;\"><strong data-start=\"5690\" data-end=\"5755\">Mentenan\u021ba \u0219i actualizarea sistemelor de control al accesului<\/strong><\/span><\/p><ul data-start=\"5759\" data-end=\"5851\"><li data-start=\"5759\" data-end=\"5785\"><p data-start=\"5761\" data-end=\"5785\"><span style=\"color: #000000;\">\u00centre\u021binere preventiv\u0103<\/span><\/p><\/li><li data-start=\"5786\" data-end=\"5822\"><p data-start=\"5788\" data-end=\"5822\"><span style=\"color: #000000;\">Actualiz\u0103ri software \u0219i hardware<\/span><\/p><\/li><li data-start=\"5823\" data-end=\"5851\"><p data-start=\"5825\" data-end=\"5851\"><span style=\"color: #000000;\">Gestionarea incidentelor<\/span><\/p><\/li><\/ul><p data-start=\"5853\" data-end=\"5899\"><span style=\"color: #000000;\"><strong data-start=\"5853\" data-end=\"5897\">Studii de caz \u0219i exemple de implementare<\/strong><\/span><\/p><ul data-start=\"5901\" data-end=\"6182\"><li data-start=\"5901\" data-end=\"5962\"><p data-start=\"5903\" data-end=\"5962\"><span style=\"color: #000000;\"><strong data-start=\"5903\" data-end=\"5913\">Retail<\/strong> \u2013 Zone de depozitare \u0219i birouri administrative<\/span><\/p><\/li><li data-start=\"5963\" data-end=\"6030\"><p data-start=\"5965\" data-end=\"6030\"><span style=\"color: #000000;\"><strong data-start=\"5965\" data-end=\"5993\">Institu\u021bii de \u00eenv\u0103\u021b\u0103m\u00e2nt<\/strong> \u2013 Cl\u0103diri, laboratoare, biblioteci<\/span><\/p><\/li><li data-start=\"6031\" data-end=\"6108\"><p data-start=\"6033\" data-end=\"6108\"><span style=\"color: #000000;\"><strong data-start=\"6033\" data-end=\"6059\">Facilit\u0103\u021bi industriale<\/strong> \u2013 Zone de produc\u021bie \u0219i echipamente periculoase<\/span><\/p><\/li><li data-start=\"6109\" data-end=\"6182\"><p data-start=\"6111\" data-end=\"6182\"><span style=\"color: #000000;\"><strong data-start=\"6111\" data-end=\"6133\">Cl\u0103diri de birouri<\/strong> \u2013 Acces la s\u0103li de conferin\u021b\u0103 \u0219i spa\u021bii comune<\/span><\/p><\/li><\/ul><p data-start=\"6184\" data-end=\"6233\"><span style=\"color: #000000;\"><strong data-start=\"6184\" data-end=\"6231\">Tendin\u021be \u0219i inova\u021bii \u00een controlul accesului<\/strong><\/span><\/p><ul data-start=\"6235\" data-end=\"6355\"><li data-start=\"6235\" data-end=\"6269\"><p data-start=\"6237\" data-end=\"6269\"><span style=\"color: #000000;\">Solu\u021bii mobile \u0219i f\u0103r\u0103 contact<\/span><\/p><\/li><li data-start=\"6270\" data-end=\"6316\"><p data-start=\"6272\" data-end=\"6316\"><span style=\"color: #000000;\">Integrare cu IA \u0219i analiz\u0103 comportamental\u0103<\/span><\/p><\/li><li data-start=\"6317\" data-end=\"6355\"><p data-start=\"6319\" data-end=\"6355\"><span style=\"color: #000000;\">Controlul accesului \u00een medii cloud<\/span><\/p><\/li><\/ul><p data-start=\"6357\" data-end=\"6387\"><span style=\"color: #000000;\"><strong data-start=\"6357\" data-end=\"6385\">Concluzii \u0219i recomand\u0103ri<\/strong><\/span><\/p><p data-start=\"6389\" data-end=\"6604\"><span style=\"color: #000000;\">Controlul accesului este esen\u021bial pentru protec\u021bia resurselor fizice \u0219i digitale. Alegerea tehnologiilor potrivite \u0219i monitorizarea constant\u0103 asigur\u0103 un nivel optim de securitate, eficien\u021b\u0103 \u0219i conformitate legal\u0103.<\/span><\/p>\t\t\t\t\t\t\t\t<\/div>\n\t\t\t\t\t<\/div>\n\t\t\t\t<\/div>\n\t\t\t\t<\/div>\n\t\t","protected":false},"excerpt":{"rendered":"<p>Controlul accesului Acest document prezint\u0103 o analiz\u0103 detaliat\u0103 a controlului accesului, incluz\u00e2nd defini\u0163ii, tipuri, factori de influen\u0163\u0103, tehnologii, beneficii, considera\u0163ii de confiden\u0163ialitate, integrare, \u00eentre\u0163inere si exemple de implementare. De asemenea, exploreaz\u0103 tendin\u0163ele \u0219i inova\u0163iile din domeniul controlului accesului. Introducere \u0219i importan\u021b\u0103 Controlul accesului joac\u0103 un rol esen\u0163ial \u00een asigurarea securit\u0103\u0163ii fizice \u0219i a informa\u0163iilor \u00een [&hellip;]<\/p>\n","protected":false},"author":3,"featured_media":0,"parent":0,"menu_order":0,"comment_status":"closed","ping_status":"closed","template":"","meta":{"footnotes":""},"class_list":["post-243","page","type-page","status-publish","hentry"],"_links":{"self":[{"href":"https:\/\/securitateincendiu.ro\/index.php\/wp-json\/wp\/v2\/pages\/243","targetHints":{"allow":["GET"]}}],"collection":[{"href":"https:\/\/securitateincendiu.ro\/index.php\/wp-json\/wp\/v2\/pages"}],"about":[{"href":"https:\/\/securitateincendiu.ro\/index.php\/wp-json\/wp\/v2\/types\/page"}],"author":[{"embeddable":true,"href":"https:\/\/securitateincendiu.ro\/index.php\/wp-json\/wp\/v2\/users\/3"}],"replies":[{"embeddable":true,"href":"https:\/\/securitateincendiu.ro\/index.php\/wp-json\/wp\/v2\/comments?post=243"}],"version-history":[{"count":46,"href":"https:\/\/securitateincendiu.ro\/index.php\/wp-json\/wp\/v2\/pages\/243\/revisions"}],"predecessor-version":[{"id":834,"href":"https:\/\/securitateincendiu.ro\/index.php\/wp-json\/wp\/v2\/pages\/243\/revisions\/834"}],"wp:attachment":[{"href":"https:\/\/securitateincendiu.ro\/index.php\/wp-json\/wp\/v2\/media?parent=243"}],"curies":[{"name":"wp","href":"https:\/\/api.w.org\/{rel}","templated":true}]}}