{"id":14,"date":"2025-07-14T16:26:40","date_gmt":"2025-07-14T13:26:40","guid":{"rendered":"https:\/\/securitateincendiu.ro\/?page_id=14"},"modified":"2025-07-23T14:50:30","modified_gmt":"2025-07-23T11:50:30","slug":"despre-noi","status":"publish","type":"page","link":"https:\/\/securitateincendiu.ro\/index.php\/despre-noi\/","title":{"rendered":"Despre noi"},"content":{"rendered":"\n<h4 class=\"wp-block-heading\">\ud83c\udfe2 <strong>Cine suntem?<\/strong><\/h4>\n\n\n\n<p class=\"has-foreground-color has-text-color has-link-color wp-elements-d9133c23e617ef641c9ddc00eb04e90f\">\u00cenfiin\u021ba\u021bi \u00een <strong>2007<\/strong>, suntem o echip\u0103 de profesioni\u0219ti dedica\u021bi siguran\u021bei, cu experien\u021b\u0103 vast\u0103 \u00een prevenirea \u0219i stingerea incendiilor, precum \u0219i \u00een implementarea sistemelor integrate de securitate.<\/p>\n\n\n\n<p class=\"has-foreground-color has-text-color has-link-color wp-elements-3b63b35de6572b73f9cfb08af3c44df4\">\u2714\ufe0f Exper\u021bi autoriza\u021bi pentru proiectarea, instalarea, verificarea \u0219i \u00eentre\u021binerea sistemelor PSI<br>\u2714\ufe0f Speciali\u0219ti \u00een supraveghere video, detec\u021bie efrac\u021bie \u0219i incendiu, control acces<br>\u2714\ufe0f Parteneri de \u00eencredere pentru persoane juridice, indiferent de domeniu<\/p>\n\n\n\n<hr class=\"wp-block-separator has-alpha-channel-opacity\"\/>\n\n\n\n<h4 class=\"wp-block-heading\">\ud83c\udfaf <strong>Misiunea noastr\u0103<\/strong><\/h4>\n\n\n\n<p class=\"has-foreground-color has-text-color has-link-color wp-elements-a6a059e73de7e09ed46845a7b7553314\">Prevenirea riscurilor \u0219i protejarea vie\u021bilor, bunurilor \u0219i investi\u021biilor clien\u021bilor no\u0219tri, prin solu\u021bii moderne, conforme cu standardele \u0219i legisla\u021bia \u00een vigoare.<\/p>\n\n\n\n<hr class=\"wp-block-separator has-alpha-channel-opacity\"\/>\n\n\n\n<h4 class=\"wp-block-heading\">\ud83d\udca1 <strong>Valorile noastre<\/strong><\/h4>\n\n\n\n<ul class=\"wp-block-list\">\n<li class=\"has-foreground-color has-text-color has-link-color wp-elements-a5c5d7a09f01f9f6865af531b9f70ef4\"><strong>Profesionalism<\/strong> \u00een fiecare proiect implementat<\/li>\n\n\n\n<li class=\"has-foreground-color has-text-color has-link-color wp-elements-eab086152a4b73842447e041ff3fa4db\"><strong>Siguran\u021b\u0103<\/strong> garantat\u0103 prin solu\u021bii testate \u0219i certificate<\/li>\n\n\n\n<li class=\"has-foreground-color has-text-color has-link-color wp-elements-c0c7879e3f30e0198e47ea4a8770247c\"><strong>Promptitudine<\/strong> \u00een interven\u021bii \u0219i livrare<\/li>\n\n\n\n<li class=\"has-foreground-color has-text-color has-link-color wp-elements-b97be8262a8abaf619de734781d39009\"><strong>Transparen\u021b\u0103<\/strong> \u00een comunicare \u0219i ofertare<\/li>\n\n\n\n<li class=\"has-foreground-color has-text-color has-link-color wp-elements-262de73f07b052d9f99449fa20c88cf9\"><strong>Orientare c\u0103tre client<\/strong>, cu solu\u021bii personalizate nevoilor tale<\/li>\n\n\n\n<li class=\"has-foreground-color has-text-color has-link-color wp-elements-c34b9de13775562480fe09fac1071451\"><strong>Responsabilitate<\/strong> fa\u021b\u0103 de oameni, mediu \u0219i lege<\/li>\n<\/ul>\n\n\n\n<hr class=\"wp-block-separator has-alpha-channel-opacity\"\/>\n\n\n\n<h4 class=\"wp-block-heading\">\u2699\ufe0f <strong>Ce facem?<\/strong><\/h4>\n\n\n\n<ul class=\"wp-block-list\">\n<li class=\"has-foreground-color has-text-color has-link-color wp-elements-a6e495968a394222b6d141eeffedc19a\">Proiect\u0103m \u0219i instal\u0103m sisteme de detectare, avertizare \u0219i stingere incendii<\/li>\n\n\n\n<li class=\"has-foreground-color has-text-color has-link-color wp-elements-1c3006e84981cc70b8fe451508a2157d\">Oferim servicii de supraveghere video \u0219i detec\u021bie efrac\u021bie<\/li>\n\n\n\n<li class=\"has-foreground-color has-text-color has-link-color wp-elements-fc79ca58df4f9c0d60c1663072d6f388\">Implement\u0103m control acces profesional<\/li>\n\n\n\n<li class=\"has-foreground-color has-text-color has-link-color wp-elements-4e44d0236271f72c158728d0ce6ae120\">Realiz\u0103m scenarii de securitate la incendiu<\/li>\n\n\n\n<li class=\"has-foreground-color has-text-color has-link-color wp-elements-545da2d28f913bd896dc8c8ed2f06d9d\">Asigur\u0103m consultan\u021b\u0103 PSI complet\u0103 \u0219i \u00eendrumare pentru ob\u021binerea avizelor ISU<\/li>\n\n\n\n<li class=\"has-foreground-color has-text-color has-link-color wp-elements-3daac709165d0d2d2430d4cf70398d19\">Furniz\u0103m mentenan\u021b\u0103 periodic\u0103 pentru echipamentele anti-incendiu<\/li>\n<\/ul>\n\n\n\n<hr class=\"wp-block-separator has-alpha-channel-opacity\"\/>\n\n\n\n<p class=\"has-foreground-color has-text-color has-link-color wp-elements-9d65eef73bee2c79bbbf7b2dcde9ec0e\">\u2705 <strong>De ce s\u0103 ne alegi?<\/strong><\/p>\n\n\n\n<ul class=\"wp-block-list\">\n<li class=\"has-foreground-color has-text-color has-link-color wp-elements-2b51abccb7503be5436aa7326b196419\">Experien\u021b\u0103 real\u0103 din <strong>2007<\/strong><\/li>\n\n\n\n<li class=\"has-foreground-color has-text-color has-link-color wp-elements-c8701f269ce3852caf26aed1a0342105\">Solu\u021bii personalizate fiec\u0103rei cl\u0103diri \u0219i domeniu<\/li>\n\n\n\n<li class=\"has-foreground-color has-text-color has-link-color wp-elements-1b0e7f7c89eb31d2b7622ccfabc1ace5\">Seriozitate \u0219i respectarea strict\u0103 a normelor legale<\/li>\n<\/ul>\n\n\n\n<p><\/p>\n\n\n\n<p><\/p>\n","protected":false},"excerpt":{"rendered":"<p>\ud83c\udfe2 Cine suntem? \u00cenfiin\u021ba\u021bi \u00een 2007, suntem o echip\u0103 de profesioni\u0219ti dedica\u021bi siguran\u021bei, cu experien\u021b\u0103 vast\u0103 \u00een prevenirea \u0219i stingerea incendiilor, precum \u0219i \u00een implementarea sistemelor integrate de securitate. \u2714\ufe0f Exper\u021bi autoriza\u021bi pentru proiectarea, instalarea, verificarea \u0219i \u00eentre\u021binerea sistemelor PSI\u2714\ufe0f Speciali\u0219ti \u00een supraveghere video, detec\u021bie efrac\u021bie \u0219i incendiu, control acces\u2714\ufe0f Parteneri de \u00eencredere pentru persoane [&hellip;]<\/p>\n","protected":false},"author":3,"featured_media":0,"parent":0,"menu_order":0,"comment_status":"closed","ping_status":"closed","template":"","meta":{"footnotes":""},"class_list":["post-14","page","type-page","status-publish","hentry"],"_links":{"self":[{"href":"https:\/\/securitateincendiu.ro\/index.php\/wp-json\/wp\/v2\/pages\/14","targetHints":{"allow":["GET"]}}],"collection":[{"href":"https:\/\/securitateincendiu.ro\/index.php\/wp-json\/wp\/v2\/pages"}],"about":[{"href":"https:\/\/securitateincendiu.ro\/index.php\/wp-json\/wp\/v2\/types\/page"}],"author":[{"embeddable":true,"href":"https:\/\/securitateincendiu.ro\/index.php\/wp-json\/wp\/v2\/users\/3"}],"replies":[{"embeddable":true,"href":"https:\/\/securitateincendiu.ro\/index.php\/wp-json\/wp\/v2\/comments?post=14"}],"version-history":[{"count":4,"href":"https:\/\/securitateincendiu.ro\/index.php\/wp-json\/wp\/v2\/pages\/14\/revisions"}],"predecessor-version":[{"id":262,"href":"https:\/\/securitateincendiu.ro\/index.php\/wp-json\/wp\/v2\/pages\/14\/revisions\/262"}],"wp:attachment":[{"href":"https:\/\/securitateincendiu.ro\/index.php\/wp-json\/wp\/v2\/media?parent=14"}],"curies":[{"name":"wp","href":"https:\/\/api.w.org\/{rel}","templated":true}]}}