{"id":114,"date":"2025-07-15T15:59:35","date_gmt":"2025-07-15T12:59:35","guid":{"rendered":"https:\/\/securitateincendiu.ro\/?page_id=114"},"modified":"2025-07-24T14:44:53","modified_gmt":"2025-07-24T11:44:53","slug":"autorizari-isu","status":"publish","type":"page","link":"https:\/\/securitateincendiu.ro\/index.php\/autorizari-isu\/","title":{"rendered":"Autoriz\u0103ri ISU"},"content":{"rendered":"\n<h2 class=\"wp-block-heading\">\u2705 <strong>Autoriz\u0103ri ISU<\/strong><\/h2>\n\n\n\n<h3 class=\"wp-block-heading\"><strong>Autoriz\u0103ri \u0219i avize ISU<\/strong><\/h3>\n\n\n\n<p class=\"has-foreground-color has-text-color has-link-color wp-elements-51f43a351989ea0c16c7fd816de2c51c\">Te asist\u0103m complet \u00een procesul de ob\u021binere a avizelor \u0219i autoriza\u021biilor ISU, obligatorii pentru cl\u0103diri noi, renovate sau schimbate de destina\u021bie.<\/p>\n\n\n\n<p class=\"has-foreground-color has-text-color has-link-color wp-elements-3adce7db7cd589363235b9dd2bd92213\">\ud83d\udd37 <strong>Servicii oferite:<\/strong><\/p>\n\n\n\n<ul class=\"wp-block-list\">\n<li class=\"has-foreground-color has-text-color has-link-color wp-elements-55f3b3a6220fd4a0b75afee50d5bbbe6\">Consultan\u021b\u0103 pentru conformarea proiectului<\/li>\n\n\n\n<li class=\"has-foreground-color has-text-color has-link-color wp-elements-ddf9a31de4d6079b59614f8235985803\">\u00centocmirea documenta\u021biei tehnice<\/li>\n\n\n\n<li class=\"has-foreground-color has-text-color has-link-color wp-elements-cd77180a9a5f77c0c12af86da0a0a2bc\">Proiectare sisteme de securitate la incendiu<\/li>\n\n\n\n<li class=\"has-foreground-color has-text-color has-link-color wp-elements-c985be0d62dc8101b9fdaad66f458cd6\">Suport pe toat\u0103 durata procesului p\u00e2n\u0103 la ob\u021binerea avizului \u0219i autoriza\u021biei<\/li>\n<\/ul>\n\n\n\n<p class=\"has-foreground-color has-text-color has-link-color wp-elements-17ab95b995b76ffafa13d9df206234e1\">\ud83d\udd0e <strong>De ce sunt necesare?<\/strong><\/p>\n\n\n\n<p class=\"has-foreground-color has-text-color has-link-color wp-elements-dc6655d343c2598d3d636fc4c5d9c2fb\">Conform legisla\u021biei \u00een vigoare, orice construc\u021bie care implic\u0103 publicul, activit\u0103\u021bi economice sau spa\u021bii comune trebuie s\u0103 de\u021bin\u0103 aviz \u0219i autoriza\u021bie ISU pentru protec\u021bia persoanelor \u0219i a bunurilor.<\/p>\n\n\n\n<div class=\"wp-block-buttons is-layout-flex wp-block-buttons-is-layout-flex\">\n<div class=\"wp-block-button\"><a class=\"wp-block-button__link has-base-color has-text-color has-link-color wp-element-button\" href=\"https:\/\/securitateincendiu.ro\/index.php\/contact\/\"><strong>CONTACT<\/strong><\/a><\/div>\n<\/div>\n","protected":false},"excerpt":{"rendered":"<p>\u2705 Autoriz\u0103ri ISU Autoriz\u0103ri \u0219i avize ISU Te asist\u0103m complet \u00een procesul de ob\u021binere a avizelor \u0219i autoriza\u021biilor ISU, obligatorii pentru cl\u0103diri noi, renovate sau schimbate de destina\u021bie. \ud83d\udd37 Servicii oferite: \ud83d\udd0e De ce sunt necesare? Conform legisla\u021biei \u00een vigoare, orice construc\u021bie care implic\u0103 publicul, activit\u0103\u021bi economice sau spa\u021bii comune trebuie s\u0103 de\u021bin\u0103 aviz \u0219i [&hellip;]<\/p>\n","protected":false},"author":3,"featured_media":0,"parent":0,"menu_order":0,"comment_status":"closed","ping_status":"closed","template":"","meta":{"footnotes":""},"class_list":["post-114","page","type-page","status-publish","hentry"],"_links":{"self":[{"href":"https:\/\/securitateincendiu.ro\/index.php\/wp-json\/wp\/v2\/pages\/114","targetHints":{"allow":["GET"]}}],"collection":[{"href":"https:\/\/securitateincendiu.ro\/index.php\/wp-json\/wp\/v2\/pages"}],"about":[{"href":"https:\/\/securitateincendiu.ro\/index.php\/wp-json\/wp\/v2\/types\/page"}],"author":[{"embeddable":true,"href":"https:\/\/securitateincendiu.ro\/index.php\/wp-json\/wp\/v2\/users\/3"}],"replies":[{"embeddable":true,"href":"https:\/\/securitateincendiu.ro\/index.php\/wp-json\/wp\/v2\/comments?post=114"}],"version-history":[{"count":3,"href":"https:\/\/securitateincendiu.ro\/index.php\/wp-json\/wp\/v2\/pages\/114\/revisions"}],"predecessor-version":[{"id":311,"href":"https:\/\/securitateincendiu.ro\/index.php\/wp-json\/wp\/v2\/pages\/114\/revisions\/311"}],"wp:attachment":[{"href":"https:\/\/securitateincendiu.ro\/index.php\/wp-json\/wp\/v2\/media?parent=114"}],"curies":[{"name":"wp","href":"https:\/\/api.w.org\/{rel}","templated":true}]}}