{"id":110,"date":"2025-07-15T15:58:19","date_gmt":"2025-07-15T12:58:19","guid":{"rendered":"https:\/\/securitateincendiu.ro\/?page_id=110"},"modified":"2025-07-23T15:03:35","modified_gmt":"2025-07-23T12:03:35","slug":"consultanta-psi","status":"publish","type":"page","link":"https:\/\/securitateincendiu.ro\/index.php\/consultanta-psi\/","title":{"rendered":"Consultan\u021b\u0103 PSI"},"content":{"rendered":"\n<h2 class=\"wp-block-heading\">\u2705 <strong>Consultan\u021b\u0103 PSI<\/strong><\/h2>\n\n\n\n<h3 class=\"wp-block-heading\"><strong>Consultan\u021b\u0103 PSI (Prevenire \u0219i Stingere Incendii)<\/strong><\/h3>\n\n\n\n<p class=\"has-foreground-color has-text-color has-link-color wp-elements-7f42343e5e184cc5ce3f9bd8bca456e1\">Oferim servicii complete de consultan\u021b\u0103 PSI pentru firme, institu\u021bii \u0219i persoane fizice, astfel \u00eenc\u00e2t s\u0103 \u00eendepline\u0219ti toate cerin\u021bele legale privind securitatea la incendiu.<\/p>\n\n\n\n<p class=\"has-foreground-color has-text-color has-link-color wp-elements-d66e9bf05633ae141623926095bea801\">\ud83d\udd37 <strong>Ce include consultan\u021ba PSI?<\/strong><\/p>\n\n\n\n<ul class=\"wp-block-list\">\n<li class=\"has-foreground-color has-text-color has-link-color wp-elements-ad2a62aa3c70c8474f9742ff518c09b6\">Analiza riscurilor de incendiu<\/li>\n\n\n\n<li class=\"has-foreground-color has-text-color has-link-color wp-elements-7e4965ec592615d2f6fe838e38e021ee\">Solu\u021bii de reducere a riscurilor<\/li>\n\n\n\n<li class=\"has-foreground-color has-text-color has-link-color wp-elements-f87707c050b81d87482bed90ab49ed5d\">Instruirea personalului conform normelor PSI<\/li>\n\n\n\n<li class=\"has-foreground-color has-text-color has-link-color wp-elements-d9856d4d9f6d24fe7db67205ca0d5e48\">Realizarea planurilor de evacuare<\/li>\n\n\n\n<li class=\"has-foreground-color has-text-color has-link-color wp-elements-9117fa9bb6810d4947f19bf0c0cb506e\">\u00centocmirea documenta\u021biei necesare pentru avize \u0219i autoriza\u021bii ISU<\/li>\n<\/ul>\n\n\n\n<p class=\"has-foreground-color has-text-color has-link-color wp-elements-cc8001749c0c2dbfb9baf183a69919e9\">\ud83d\udcde <strong>Programeaz\u0103 o \u00eent\u00e2lnire cu speciali\u0219tii no\u0219tri<\/strong> pentru a te asigura c\u0103 spa\u021biul t\u0103u este protejat \u0219i conform legisla\u021biei.<\/p>\n\n\n\n<div class=\"wp-block-buttons is-layout-flex wp-block-buttons-is-layout-flex\">\n<div class=\"wp-block-button\"><a class=\"wp-block-button__link has-base-color has-text-color has-link-color wp-element-button\" href=\"https:\/\/securitateincendiu.ro\/index.php\/contact\/\"><strong>CONTACT<\/strong><\/a><\/div>\n<\/div>\n\n\n\n<p><\/p>\n","protected":false},"excerpt":{"rendered":"<p>\u2705 Consultan\u021b\u0103 PSI Consultan\u021b\u0103 PSI (Prevenire \u0219i Stingere Incendii) Oferim servicii complete de consultan\u021b\u0103 PSI pentru firme, institu\u021bii \u0219i persoane fizice, astfel \u00eenc\u00e2t s\u0103 \u00eendepline\u0219ti toate cerin\u021bele legale privind securitatea la incendiu. \ud83d\udd37 Ce include consultan\u021ba PSI? \ud83d\udcde Programeaz\u0103 o \u00eent\u00e2lnire cu speciali\u0219tii no\u0219tri pentru a te asigura c\u0103 spa\u021biul t\u0103u este protejat \u0219i conform [&hellip;]<\/p>\n","protected":false},"author":3,"featured_media":0,"parent":0,"menu_order":0,"comment_status":"closed","ping_status":"closed","template":"","meta":{"footnotes":""},"class_list":["post-110","page","type-page","status-publish","hentry"],"_links":{"self":[{"href":"https:\/\/securitateincendiu.ro\/index.php\/wp-json\/wp\/v2\/pages\/110","targetHints":{"allow":["GET"]}}],"collection":[{"href":"https:\/\/securitateincendiu.ro\/index.php\/wp-json\/wp\/v2\/pages"}],"about":[{"href":"https:\/\/securitateincendiu.ro\/index.php\/wp-json\/wp\/v2\/types\/page"}],"author":[{"embeddable":true,"href":"https:\/\/securitateincendiu.ro\/index.php\/wp-json\/wp\/v2\/users\/3"}],"replies":[{"embeddable":true,"href":"https:\/\/securitateincendiu.ro\/index.php\/wp-json\/wp\/v2\/comments?post=110"}],"version-history":[{"count":3,"href":"https:\/\/securitateincendiu.ro\/index.php\/wp-json\/wp\/v2\/pages\/110\/revisions"}],"predecessor-version":[{"id":273,"href":"https:\/\/securitateincendiu.ro\/index.php\/wp-json\/wp\/v2\/pages\/110\/revisions\/273"}],"wp:attachment":[{"href":"https:\/\/securitateincendiu.ro\/index.php\/wp-json\/wp\/v2\/media?parent=110"}],"curies":[{"name":"wp","href":"https:\/\/api.w.org\/{rel}","templated":true}]}}