{"id":108,"date":"2025-07-15T15:57:43","date_gmt":"2025-07-15T12:57:43","guid":{"rendered":"https:\/\/securitateincendiu.ro\/?page_id=108"},"modified":"2025-07-23T15:48:00","modified_gmt":"2025-07-23T12:48:00","slug":"politica-de-confidentialitate","status":"publish","type":"page","link":"https:\/\/securitateincendiu.ro\/index.php\/politica-de-confidentialitate\/","title":{"rendered":"Politica de confiden\u021bialitate"},"content":{"rendered":"\n<h2 class=\"wp-block-heading\">\u2705 <strong>Politica de confiden\u021bialitate<\/strong><\/h2>\n\n\n\n<h3 class=\"wp-block-heading\"><strong>Politica de confiden\u021bialitate<\/strong><\/h3>\n\n\n\n<p class=\"has-foreground-color has-text-color has-link-color wp-elements-7dcf17551f142281265240d88b940b2a\">Confiden\u021bialitatea datelor tale este important\u0103 pentru noi. Aceast\u0103 politic\u0103 explic\u0103 modul \u00een care colect\u0103m, utiliz\u0103m \u0219i protej\u0103m datele tale personale.<\/p>\n\n\n\n<ol class=\"wp-block-list\">\n<li class=\"has-foreground-color has-text-color has-link-color wp-elements-c8f2f84e9f21f4745125ab4806c667ed\"><strong>Date colectate<\/strong><br>Colect\u0103m date precum: nume, telefon, email, doar dac\u0103 le introduci \u00een formularele noastre.<\/li>\n\n\n\n<li class=\"has-foreground-color has-text-color has-link-color wp-elements-62bec8c74274bd0ca59390b74f42fbd3\"><strong>Utilizarea datelor<\/strong><br>Folosim datele pentru:<\/li>\n<\/ol>\n\n\n\n<ul class=\"wp-block-list\">\n<li class=\"has-foreground-color has-text-color has-link-color wp-elements-57027cca4aacd888d00e694edeb2a70c\">Contactarea ta \u00een leg\u0103tur\u0103 cu serviciile noastre<\/li>\n\n\n\n<li class=\"has-foreground-color has-text-color has-link-color wp-elements-7ecb05f57131d389bedb16c62d0d54a3\">Facturare (dac\u0103 este cazul)<\/li>\n\n\n\n<li class=\"has-foreground-color has-text-color has-link-color wp-elements-32fb8661b68c975873af9dc95f983e0c\">Comunic\u0103ri administrative<\/li>\n<\/ul>\n\n\n\n<ol start=\"3\" class=\"wp-block-list\">\n<li class=\"has-foreground-color has-text-color has-link-color wp-elements-ea909a161402b68876de09df34c2a38b\"><strong>Securitatea datelor<\/strong><br>Datele tale sunt stocate \u00een siguran\u021b\u0103 \u0219i nu vor fi v\u00e2ndute sau distribuite c\u0103tre ter\u021bi f\u0103r\u0103 acordul t\u0103u.<\/li>\n\n\n\n<li class=\"has-foreground-color has-text-color has-link-color wp-elements-b146a11b970093b5864e9594ee4b0747\"><strong>Drepturile tale<\/strong><br>Ai dreptul de acces, rectificare sau \u0219tergere a datelor. Ne po\u021bi contacta oric\u00e2nd pentru a solicita acest lucru.<\/li>\n<\/ol>\n\n\n\n<div class=\"wp-block-buttons is-layout-flex wp-block-buttons-is-layout-flex\">\n<div class=\"wp-block-button\"><a class=\"wp-block-button__link has-base-color has-text-color has-link-color wp-element-button\" href=\"https:\/\/securitateincendiu.ro\/index.php\/contact\/\"><strong>CONTACT<\/strong><\/a><\/div>\n<\/div>\n\n\n\n<p><\/p>\n","protected":false},"excerpt":{"rendered":"<p>\u2705 Politica de confiden\u021bialitate Politica de confiden\u021bialitate Confiden\u021bialitatea datelor tale este important\u0103 pentru noi. Aceast\u0103 politic\u0103 explic\u0103 modul \u00een care colect\u0103m, utiliz\u0103m \u0219i protej\u0103m datele tale personale.<\/p>\n","protected":false},"author":3,"featured_media":0,"parent":0,"menu_order":0,"comment_status":"closed","ping_status":"closed","template":"","meta":{"footnotes":""},"class_list":["post-108","page","type-page","status-publish","hentry"],"_links":{"self":[{"href":"https:\/\/securitateincendiu.ro\/index.php\/wp-json\/wp\/v2\/pages\/108","targetHints":{"allow":["GET"]}}],"collection":[{"href":"https:\/\/securitateincendiu.ro\/index.php\/wp-json\/wp\/v2\/pages"}],"about":[{"href":"https:\/\/securitateincendiu.ro\/index.php\/wp-json\/wp\/v2\/types\/page"}],"author":[{"embeddable":true,"href":"https:\/\/securitateincendiu.ro\/index.php\/wp-json\/wp\/v2\/users\/3"}],"replies":[{"embeddable":true,"href":"https:\/\/securitateincendiu.ro\/index.php\/wp-json\/wp\/v2\/comments?post=108"}],"version-history":[{"count":4,"href":"https:\/\/securitateincendiu.ro\/index.php\/wp-json\/wp\/v2\/pages\/108\/revisions"}],"predecessor-version":[{"id":304,"href":"https:\/\/securitateincendiu.ro\/index.php\/wp-json\/wp\/v2\/pages\/108\/revisions\/304"}],"wp:attachment":[{"href":"https:\/\/securitateincendiu.ro\/index.php\/wp-json\/wp\/v2\/media?parent=108"}],"curies":[{"name":"wp","href":"https:\/\/api.w.org\/{rel}","templated":true}]}}